{"id":48,"date":"2016-04-05T07:59:34","date_gmt":"2016-04-05T04:59:34","guid":{"rendered":"https:\/\/pspl.mobiesmart.fi\/koulutus\/?page_id=48"},"modified":"2016-04-05T08:28:10","modified_gmt":"2016-04-05T05:28:10","slug":"pelastuslaitoksen-yhteystiedot","status":"publish","type":"page","link":"https:\/\/pspl.mobiesmart.fi\/koulutus\/pelastuslaitoksen-yhteystiedot\/","title":{"rendered":"Pelastuslaitoksen yhteystiedot"},"content":{"rendered":"<p>[vc_row][vc_column][vc_column_text]Virallisessa asioinnissa on k\u00e4ytett\u00e4v\u00e4 ensisijaisesti kaupungin virastojen ja laitosten yleisi\u00e4 s\u00e4hk\u00f6postiosoitteita.<\/p>\n<p>Pohjois-Savon pelastuslaitoksen Iisalmen, Kuopion, Siilinj\u00e4rven ja Varkauden paloasemilla on ymp\u00e4rivuorokautinen miehitys kiireellisiin pelastusteht\u00e4viin.\u00a0Kuntien paloasemat ja henkil\u00f6st\u00f6, sek\u00e4 pelastuslaitoksen hallinto palvelevat arkisin virka-aikana.<\/p>\n<p><strong>Pohjois-Savon pelastuslaitos<\/strong><br \/>\nVolttikatu 1 A,\u00a070150 Kuopio<br \/>\nPuh. 017 182 111 (Kuopion kaupungin vaihde)<br \/>\nFax. 017 188 123<br \/>\nS\u00e4hk\u00f6postiosoite:\u00a0<a href=\"mailto:pelastuslaitos@kuopio.fi\">pelastuslaitos (at) kuopio.fi<\/a>[\/vc_column_text][\/vc_column][\/vc_row][vc_row][vc_column][vc_gmaps link=&#8221;#E-8_JTNDaWZyYW1lJTIwc3JjJTNEJTIyaHR0cHMlM0ElMkYlMkZ3d3cuZ29vZ2xlLmNvbSUyRm1hcHMlMkZkJTJGZW1iZWQlM0ZtaWQlM0R6WUxSUEZ3ZmRIM1kuazFvZHVWM2FhQndBJTIyJTIwd2lkdGglM0QlMjI2NDAlMjIlMjBoZWlnaHQlM0QlMjI0ODAlMjIlM0UlM0MlMkZpZnJhbWUlM0U=&#8221;][\/vc_column][\/vc_row]<\/p>\n","protected":false},"excerpt":{"rendered":"<p>[vc_row][vc_column][vc_column_text]Virallisessa asioinnissa on k\u00e4ytett\u00e4v\u00e4 ensisijaisesti kaupungin virastojen ja laitosten yleisi\u00e4 s\u00e4hk\u00f6postiosoitteita. Pohjois-Savon pelastuslaitoksen Iisalmen, Kuopion, Siilinj\u00e4rven ja Varkauden paloasemilla on ymp\u00e4rivuorokautinen miehitys kiireellisiin pelastusteht\u00e4viin.\u00a0Kuntien paloasemat ja henkil\u00f6st\u00f6, sek\u00e4 pelastuslaitoksen hallinto palvelevat arkisin virka-aikana. Pohjois-Savon pelastuslaitos Volttikatu 1 A,\u00a070150 Kuopio Puh. 017 182 111 (Kuopion kaupungin vaihde) Fax. 017 188 123 S\u00e4hk\u00f6postiosoite:\u00a0pelastuslaitos (at) kuopio.fi[\/vc_column_text][\/vc_column][\/vc_row][vc_row][vc_column][vc_gmaps link=&#8221;#E-8_JTNDaWZyYW1lJTIwc3JjJTNEJTIyaHR0cHMlM0ElMkYlMkZ3d3cuZ29vZ2xlLmNvbSUyRm1hcHMlMkZkJTJGZW1iZWQlM0ZtaWQlM0R6WUxSUEZ3ZmRIM1kuazFvZHVWM2FhQndBJTIyJTIwd2lkdGglM0QlMjI2NDAlMjIlMjBoZWlnaHQlM0QlMjI0ODAlMjIlM0UlM0MlMkZpZnJhbWUlM0U=&#8221;][\/vc_column][\/vc_row]<\/p>\n","protected":false},"author":3,"featured_media":0,"parent":0,"menu_order":0,"comment_status":"closed","ping_status":"closed","template":"","meta":{"footnotes":""},"class_list":["post-48","page","type-page","status-publish","hentry","user-has-not-earned"],"_links":{"self":[{"href":"https:\/\/pspl.mobiesmart.fi\/koulutus\/wp-json\/wp\/v2\/pages\/48"}],"collection":[{"href":"https:\/\/pspl.mobiesmart.fi\/koulutus\/wp-json\/wp\/v2\/pages"}],"about":[{"href":"https:\/\/pspl.mobiesmart.fi\/koulutus\/wp-json\/wp\/v2\/types\/page"}],"author":[{"embeddable":true,"href":"https:\/\/pspl.mobiesmart.fi\/koulutus\/wp-json\/wp\/v2\/users\/3"}],"replies":[{"embeddable":true,"href":"https:\/\/pspl.mobiesmart.fi\/koulutus\/wp-json\/wp\/v2\/comments?post=48"}],"version-history":[{"count":4,"href":"https:\/\/pspl.mobiesmart.fi\/koulutus\/wp-json\/wp\/v2\/pages\/48\/revisions"}],"predecessor-version":[{"id":61,"href":"https:\/\/pspl.mobiesmart.fi\/koulutus\/wp-json\/wp\/v2\/pages\/48\/revisions\/61"}],"wp:attachment":[{"href":"https:\/\/pspl.mobiesmart.fi\/koulutus\/wp-json\/wp\/v2\/media?parent=48"}],"curies":[{"name":"wp","href":"https:\/\/api.w.org\/{rel}","templated":true}]}}